{"id":251,"date":"2024-01-07T14:22:52","date_gmt":"2024-01-07T13:22:52","guid":{"rendered":"http:\/\/www.chroniquesaubieroises.fr\/?page_id=251"},"modified":"2024-07-09T09:36:19","modified_gmt":"2024-07-09T07:36:19","slug":"echanges","status":"publish","type":"page","link":"https:\/\/www.chroniquesaubieroises.fr\/index.php\/echanges\/","title":{"rendered":"\u00c9changes"},"content":{"rendered":"<ul class=\"wp-block-latest-posts__list wp-block-latest-posts\"><li><a class=\"wp-block-latest-posts__post-title\" href=\"https:\/\/www.chroniquesaubieroises.fr\/index.php\/2026\/04\/18\/les-echanges-de-1632\/\">Les \u00e9changes de 1632<\/a><div class=\"wp-block-latest-posts__post-excerpt\">\u00c9changes de parcelles en 1632 devant le notaire Gilbert Aubeny.<\/div><\/li>\n<li><a class=\"wp-block-latest-posts__post-title\" href=\"https:\/\/www.chroniquesaubieroises.fr\/index.php\/2026\/01\/30\/echanges-de-1631\/\">\u00c9changes de 1631<\/a><div class=\"wp-block-latest-posts__post-excerpt\">Un seul \u00e9change pour cette ann\u00e9e 1631 chez Me Gilbert Aubeny, notaire royal.<\/div><\/li>\n<li><a class=\"wp-block-latest-posts__post-title\" href=\"https:\/\/www.chroniquesaubieroises.fr\/index.php\/2025\/11\/17\/echanges-de-1630\/\">\u00c9changes de 1630<\/a><div class=\"wp-block-latest-posts__post-excerpt\">Tous les \u00e9changes, toutes les permutations de biens effectu\u00e9s en 1630 chez ma\u00eetre Gilbert Aubeny, notaire royal \u00e0 Aubi\u00e8re.<\/div><\/li>\n<li><a class=\"wp-block-latest-posts__post-title\" href=\"https:\/\/www.chroniquesaubieroises.fr\/index.php\/2025\/08\/22\/les-echanges-de-1629\/\">Les \u00e9changes de 1629<\/a><div class=\"wp-block-latest-posts__post-excerpt\">Aubi\u00e8re a enregistr\u00e9 plusieurs permutations de biens immobiliers en 1629, not\u00e9es par le notaire Guillaume Aubeny.<\/div><\/li>\n<li><a class=\"wp-block-latest-posts__post-title\" href=\"https:\/\/www.chroniquesaubieroises.fr\/index.php\/2025\/05\/15\/echanges-de-1628\/\">\u00c9changes de 1628<\/a><div class=\"wp-block-latest-posts__post-excerpt\">Beaucoup d&rsquo;\u00e9changes entre Aubi\u00e9rois et Clermontois en cette ann\u00e9e 1628&#8230;<\/div><\/li>\n<li><a class=\"wp-block-latest-posts__post-title\" href=\"https:\/\/www.chroniquesaubieroises.fr\/index.php\/2025\/04\/30\/echanges-de-1627\/\">\u00c9changes de 1627<\/a><div class=\"wp-block-latest-posts__post-excerpt\">Tous les \u00e9changes ou permutations de l&rsquo;ann\u00e9e 1627 entre Aubi\u00e9rois&#8230;<\/div><\/li>\n<li><a class=\"wp-block-latest-posts__post-title\" href=\"https:\/\/www.chroniquesaubieroises.fr\/index.php\/2025\/01\/17\/echanges-de-1626\/\">\u00c9changes de 1626<\/a><div class=\"wp-block-latest-posts__post-excerpt\">Vous trouverez ci-dessous l\u2019ensemble des \u00e9changes ou permutations qui ont \u00e9t\u00e9 pass\u00e9s entre Aubi\u00e9rois ou autres par devant ma\u00eetre Guillaume Aubeny, notaire royal \u00e0 Aubi\u00e8re, durant l\u2019ann\u00e9e 1626.<\/div><\/li>\n<li><a class=\"wp-block-latest-posts__post-title\" href=\"https:\/\/www.chroniquesaubieroises.fr\/index.php\/2024\/10\/04\/echanges-ou-permutations-1621-1625\/\">Echanges ou permutations (1621-1625)<\/a><div class=\"wp-block-latest-posts__post-excerpt\">Vous trouverez ci-dessous l\u2019ensemble des \u00e9changes ou permutations qui ont \u00e9t\u00e9 pass\u00e9s entre Aubi\u00e9rois ou autres par devant ma\u00eetre Guillaume Aubeny, notaire royal \u00e0 Aubi\u00e8re, de 1621 \u00e0 1625.<\/div><\/li>\n<li><a class=\"wp-block-latest-posts__post-title\" href=\"https:\/\/www.chroniquesaubieroises.fr\/index.php\/2024\/06\/24\/echanges-ou-permutations-de-1616-a-1620\/\">\u00c9changes ou permutations de 1616 \u00e0 1620<\/a><div class=\"wp-block-latest-posts__post-excerpt\">Contrats d&rsquo;\u00e9changes de parcelles entre 1616 et 1620.<\/div><\/li>\n<li><a class=\"wp-block-latest-posts__post-title\" href=\"https:\/\/www.chroniquesaubieroises.fr\/index.php\/2024\/05\/07\/1611-1615_echanges-ou-permutations\/\">\u00c9changes ou Permutations de 1611 \u00e0 1615<\/a><div class=\"wp-block-latest-posts__post-excerpt\">Nos anc\u00eatres aimaient bien acheter pour revendre. Les propri\u00e9taires terriens l&rsquo;ont toujours fait. Ils achetaient une parcelle isol\u00e9e de leurs propri\u00e9t\u00e9s et les \u00e9changeaient contre une parcelle qui touchait leurs terres ou leurs vignes pour les agrandir.<\/div><\/li>\n<li><a class=\"wp-block-latest-posts__post-title\" href=\"https:\/\/www.chroniquesaubieroises.fr\/index.php\/2024\/03\/22\/echanges-ou-permutations-de-1601-a-1610\/\">\u00c9changes ou permutations de 1601 \u00e0 1610<\/a><div class=\"wp-block-latest-posts__post-excerpt\">Depuis la fin du XVI\u00e8me si\u00e8cle, et pendant les d\u00e9cennies qui vont suivre, nos anc\u00eatres vont chercher \u00e0 se cr\u00e9er de grandes parcelles. Cela facilitait leur travail. Un bon moyen \u00e9conomique consistait \u00e0 agglom\u00e9rer les parcelles voisines de riches terroirs \u00e0 leurs h\u00e9ritages, par \u00e9change ou permutations. C\u2019est ce que nous vous proposons avec les actes de 1601 \u00e0 1610, en attendant plus&#8230;<\/div><\/li>\n<li><a class=\"wp-block-latest-posts__post-title\" href=\"https:\/\/www.chroniquesaubieroises.fr\/index.php\/2024\/01\/07\/echanges-ou-permutations-de-1585-a-1600\/\">Echanges ou permutations de 1585 \u00e0 1600<\/a><div class=\"wp-block-latest-posts__post-excerpt\">Depuis la fin du XVI\u00e8me si\u00e8cle, et pendant les d\u00e9cennies qui vont suivre, nos anc\u00eatres vont chercher \u00e0 se cr\u00e9er de grandes parcelles. Cela facilitait leur travail. Un bon moyen \u00e9conomique consistait \u00e0 agglom\u00e9rer les parcelles voisines de riches terroirs \u00e0 leurs h\u00e9ritages, par \u00e9change ou permutations. C&rsquo;est ce que nous vous proposons avec les actes de 1585 \u00e0 1600, dans un premier temps&#8230;<\/div><\/li>\n<\/ul>","protected":false},"excerpt":{"rendered":"","protected":false},"author":1,"featured_media":0,"parent":0,"menu_order":0,"comment_status":"closed","ping_status":"closed","template":"","meta":{"_monsterinsights_skip_tracking":false,"_monsterinsights_sitenote_active":false,"_monsterinsights_sitenote_note":"","_monsterinsights_sitenote_category":0,"jetpack_post_was_ever_published":false,"footnotes":""},"class_list":["post-251","page","type-page","status-publish","hentry"],"jetpack_sharing_enabled":true,"_links":{"self":[{"href":"https:\/\/www.chroniquesaubieroises.fr\/index.php\/wp-json\/wp\/v2\/pages\/251","targetHints":{"allow":["GET"]}}],"collection":[{"href":"https:\/\/www.chroniquesaubieroises.fr\/index.php\/wp-json\/wp\/v2\/pages"}],"about":[{"href":"https:\/\/www.chroniquesaubieroises.fr\/index.php\/wp-json\/wp\/v2\/types\/page"}],"author":[{"embeddable":true,"href":"https:\/\/www.chroniquesaubieroises.fr\/index.php\/wp-json\/wp\/v2\/users\/1"}],"replies":[{"embeddable":true,"href":"https:\/\/www.chroniquesaubieroises.fr\/index.php\/wp-json\/wp\/v2\/comments?post=251"}],"version-history":[{"count":2,"href":"https:\/\/www.chroniquesaubieroises.fr\/index.php\/wp-json\/wp\/v2\/pages\/251\/revisions"}],"predecessor-version":[{"id":980,"href":"https:\/\/www.chroniquesaubieroises.fr\/index.php\/wp-json\/wp\/v2\/pages\/251\/revisions\/980"}],"wp:attachment":[{"href":"https:\/\/www.chroniquesaubieroises.fr\/index.php\/wp-json\/wp\/v2\/media?parent=251"}],"curies":[{"name":"wp","href":"https:\/\/api.w.org\/{rel}","templated":true}]}}