{"id":236,"date":"2024-01-07T14:14:53","date_gmt":"2024-01-07T13:14:53","guid":{"rendered":"http:\/\/www.chroniquesaubieroises.fr\/?page_id=236"},"modified":"2024-02-11T21:04:32","modified_gmt":"2024-02-11T20:04:32","slug":"terroirs-et-lieux-dits","status":"publish","type":"page","link":"https:\/\/www.chroniquesaubieroises.fr\/index.php\/terroirs-et-lieux-dits\/","title":{"rendered":"Ces lieux et terroirs oubli\u00e9s"},"content":{"rendered":"<ul class=\"wp-block-latest-posts__list wp-block-latest-posts\"><li><a class=\"wp-block-latest-posts__post-title\" href=\"https:\/\/www.chroniquesaubieroises.fr\/index.php\/2024\/01\/14\/lartiere-et-ses-biefs\/\">L&rsquo;Arti\u00e8re et ses biefs<\/a><div class=\"wp-block-latest-posts__post-excerpt\">Comme partout et comme souvent, l\u2019eau est \u00e0 la une des pr\u00e9occupations des hommes, hier comme aujourd\u2019hui. \u00c0 Aubi\u00e8re, il en va de m\u00eame pour l\u2019irrigation des cultures et des jardins. Le probl\u00e8me se complique quand six moulins se succ\u00e8dent, en moins de deux kilom\u00e8tres, sur l\u2019Arti\u00e8re ou ses biefs. Les difficult\u00e9s se multiplient tous les \u00e9t\u00e9s et, en particulier, en p\u00e9riode de s\u00e8cheresse. Circuit au c\u0153ur des terroirs aubi\u00e9rois&#8230;<\/div><\/li>\n<li><div class=\"wp-block-latest-posts__featured-image\"><img loading=\"lazy\" decoding=\"async\" width=\"150\" height=\"150\" src=\"https:\/\/www.chroniquesaubieroises.fr\/wp-content\/uploads\/2024\/01\/Bourg-reduit-150x150.jpg\" class=\"attachment-thumbnail size-thumbnail wp-post-image\" alt=\"\" style=\"\" \/><\/div><a class=\"wp-block-latest-posts__post-title\" href=\"https:\/\/www.chroniquesaubieroises.fr\/index.php\/2024\/01\/08\/terroirs-et-lieux-dits\/\">Terroirs et lieux-dits<\/a><div class=\"wp-block-latest-posts__post-excerpt\">M\u00eame si certains sont devenus des quartiers habit\u00e9s, ils ont d\u2019abord \u00e9t\u00e9 des terroirs ou des lieux-dits. Sauriez-vous situer las Cabras lourdas ou Gardequibaisle ?<\/div><\/li>\n<\/ul>","protected":false},"excerpt":{"rendered":"","protected":false},"author":1,"featured_media":0,"parent":0,"menu_order":0,"comment_status":"closed","ping_status":"closed","template":"","meta":{"_monsterinsights_skip_tracking":false,"_monsterinsights_sitenote_active":false,"_monsterinsights_sitenote_note":"","_monsterinsights_sitenote_category":0,"jetpack_post_was_ever_published":false,"footnotes":""},"class_list":["post-236","page","type-page","status-publish","hentry"],"jetpack_sharing_enabled":true,"_links":{"self":[{"href":"https:\/\/www.chroniquesaubieroises.fr\/index.php\/wp-json\/wp\/v2\/pages\/236","targetHints":{"allow":["GET"]}}],"collection":[{"href":"https:\/\/www.chroniquesaubieroises.fr\/index.php\/wp-json\/wp\/v2\/pages"}],"about":[{"href":"https:\/\/www.chroniquesaubieroises.fr\/index.php\/wp-json\/wp\/v2\/types\/page"}],"author":[{"embeddable":true,"href":"https:\/\/www.chroniquesaubieroises.fr\/index.php\/wp-json\/wp\/v2\/users\/1"}],"replies":[{"embeddable":true,"href":"https:\/\/www.chroniquesaubieroises.fr\/index.php\/wp-json\/wp\/v2\/comments?post=236"}],"version-history":[{"count":3,"href":"https:\/\/www.chroniquesaubieroises.fr\/index.php\/wp-json\/wp\/v2\/pages\/236\/revisions"}],"predecessor-version":[{"id":614,"href":"https:\/\/www.chroniquesaubieroises.fr\/index.php\/wp-json\/wp\/v2\/pages\/236\/revisions\/614"}],"wp:attachment":[{"href":"https:\/\/www.chroniquesaubieroises.fr\/index.php\/wp-json\/wp\/v2\/media?parent=236"}],"curies":[{"name":"wp","href":"https:\/\/api.w.org\/{rel}","templated":true}]}}