{"id":135,"date":"2023-12-27T15:50:53","date_gmt":"2023-12-27T14:50:53","guid":{"rendered":"http:\/\/www.chroniquesaubieroises.fr\/?page_id=135"},"modified":"2024-07-09T09:30:51","modified_gmt":"2024-07-09T07:30:51","slug":"rues","status":"publish","type":"page","link":"https:\/\/www.chroniquesaubieroises.fr\/index.php\/rues\/","title":{"rendered":"Rues"},"content":{"rendered":"<ul class=\"wp-block-latest-posts__list has-dates wp-block-latest-posts\"><li><a class=\"wp-block-latest-posts__post-title\" href=\"https:\/\/www.chroniquesaubieroises.fr\/index.php\/2026\/02\/28\/rue-champvoisin\/\">Rue Champvoisin<\/a><time datetime=\"2026-02-28T11:26:42+01:00\" class=\"wp-block-latest-posts__post-date\">28 f\u00e9vrier 2026<\/time><div class=\"wp-block-latest-posts__post-excerpt\">La rue Champvoisin longe le \u00ab Grand Champvoisin \u00bb qui \u00e9tait un immense terroir, propri\u00e9t\u00e9 du seigneur d\u2019Aubi\u00e8re, situ\u00e9 entre le chemin de la Cave Madame (Avenue Jean-No\u00ebllet, aujourd\u2019hui) \u00e0 l\u2019ouest, et la rue Pasteur (anciennement, route de Clermont) \u00e0 l\u2019est.<\/div><\/li>\n<li><a class=\"wp-block-latest-posts__post-title\" href=\"https:\/\/www.chroniquesaubieroises.fr\/index.php\/2025\/11\/17\/rue-emmanuel-chabrier\/\">Rue Emmanuel-Chabrier<\/a><time datetime=\"2025-11-17T10:59:59+01:00\" class=\"wp-block-latest-posts__post-date\">17 novembre 2025<\/time><div class=\"wp-block-latest-posts__post-excerpt\">Et la rue du Cimeti\u00e8re devint la rue Emmanuel-Chabrier&#8230;<\/div><\/li>\n<li><a class=\"wp-block-latest-posts__post-title\" href=\"https:\/\/www.chroniquesaubieroises.fr\/index.php\/2025\/09\/12\/place-de-la-liberation\/\">Place de la Lib\u00e9ration<\/a><time datetime=\"2025-09-12T10:49:37+02:00\" class=\"wp-block-latest-posts__post-date\">12 septembre 2025<\/time><div class=\"wp-block-latest-posts__post-excerpt\">On l\u2019appelle place de la Lib\u00e9ration, place de la Libert\u00e9 ou place de l\u2019\u00e9glise.\nC\u2019\u00e9tait autrefois, avant la construction de la Halle, la place publique, et depuis le XVIII\u00e8me si\u00e8cle, on l\u2019a appel\u00e9e \u00ab place de la Halle \u00bb.<\/div><\/li>\n<li><a class=\"wp-block-latest-posts__post-title\" href=\"https:\/\/www.chroniquesaubieroises.fr\/index.php\/2025\/04\/30\/rue-des-grandes-caves\/\">Rue des Grandes Caves<\/a><time datetime=\"2025-04-30T12:12:29+02:00\" class=\"wp-block-latest-posts__post-date\">30 avril 2025<\/time><div class=\"wp-block-latest-posts__post-excerpt\">De la porte des Vendanges en passant sur le pont des Ramacles, les Aubi\u00e9rois l&#8217;empruntent pour acc\u00e9der \u00e0 leurs caves et aller \u00e0 leurs vignes. C&rsquo;est par elle que les vendanges descendent du Puy d&rsquo;Aubi\u00e8re. C&rsquo;est la rue des Grandes Caves !<\/div><\/li>\n<li><a class=\"wp-block-latest-posts__post-title\" href=\"https:\/\/www.chroniquesaubieroises.fr\/index.php\/2025\/02\/14\/rue-des-moulins\/\">Rue des Moulins<\/a><time datetime=\"2025-02-14T20:54:34+01:00\" class=\"wp-block-latest-posts__post-date\">14 f\u00e9vrier 2025<\/time><div class=\"wp-block-latest-posts__post-excerpt\">Le long de l&rsquo;Arti\u00e8re, la rue des Moulins&#8230; disparus.<\/div><\/li>\n<li><a class=\"wp-block-latest-posts__post-title\" href=\"https:\/\/www.chroniquesaubieroises.fr\/index.php\/2024\/11\/29\/rue-pasteur\/\">Rue Pasteur<\/a><time datetime=\"2024-11-29T14:55:17+01:00\" class=\"wp-block-latest-posts__post-date\">29 novembre 2024<\/time><div class=\"wp-block-latest-posts__post-excerpt\">La route de Clermont, du Chemin des Meuniers \u00e0 la rue Pasteur&#8230;<\/div><\/li>\n<li><a class=\"wp-block-latest-posts__post-title\" href=\"https:\/\/www.chroniquesaubieroises.fr\/index.php\/2024\/09\/19\/place-du-roudet\/\">Place du Roudet<\/a><time datetime=\"2024-09-19T14:21:54+02:00\" class=\"wp-block-latest-posts__post-date\">19 septembre 2024<\/time><div class=\"wp-block-latest-posts__post-excerpt\">C&rsquo;est en \u00e9largissant le \u00ab\u00a0trou du Roudet\u00a0\u00bb qu&rsquo;une municipalit\u00e9 a fait qu&rsquo;un simple passage sous les remparts d&rsquo;Aubi\u00e8re est devenu une place !<\/div><\/li>\n<li><a class=\"wp-block-latest-posts__post-title\" href=\"https:\/\/www.chroniquesaubieroises.fr\/index.php\/2024\/07\/11\/avenue-jean-noellet\/\">Avenue Jean-Noellet<\/a><time datetime=\"2024-07-11T14:18:47+02:00\" class=\"wp-block-latest-posts__post-date\">11 juillet 2024<\/time><div class=\"wp-block-latest-posts__post-excerpt\">Ce fut tout d\u2019abord un chemin s\u00e9parant deux terroirs au nord-ouest du bourg d\u2019Aubi\u00e8re : le grand et le petit Champvoisin.\nDe chemin \u00e0 avenue, un grand destin attendait cette modeste voie&#8230;<\/div><\/li>\n<li><a class=\"wp-block-latest-posts__post-title\" href=\"https:\/\/www.chroniquesaubieroises.fr\/index.php\/2024\/03\/08\/rue-saint-antoine\/\">Rue Saint-Antoine<\/a><time datetime=\"2024-03-08T14:35:21+01:00\" class=\"wp-block-latest-posts__post-date\">8 mars 2024<\/time><div class=\"wp-block-latest-posts__post-excerpt\">On pourrait l\u2019appeler la rue de la Croix Saint-Antoine.\nElle doit son nom \u00e0 la croix Saint-Antoine qui fut offerte au bourg d\u2019Aubi\u00e8re par Antoine Janon et son \u00e9pouse Antonia Arnaud, en 1738, en l\u2019honneur de leur saint patron.<\/div><\/li>\n<li><a class=\"wp-block-latest-posts__post-title\" href=\"https:\/\/www.chroniquesaubieroises.fr\/index.php\/2024\/02\/09\/la-rue-du-chambon\/\">La rue du Chambon<\/a><time datetime=\"2024-02-09T17:02:24+01:00\" class=\"wp-block-latest-posts__post-date\">9 f\u00e9vrier 2024<\/time><div class=\"wp-block-latest-posts__post-excerpt\">Comme la rue du 4-Septembre, la rue du Chambon a perdu une grande partie de son activit\u00e9 commerciale durant ces derni\u00e8res d\u00e9cennies. La Potini\u00e8re, qui faisait l\u2019angle de cette rue et de la place des Ramacles, en est le r\u00e9cent et dernier exemple.<\/div><\/li>\n<li><a class=\"wp-block-latest-posts__post-title\" href=\"https:\/\/www.chroniquesaubieroises.fr\/index.php\/2024\/01\/11\/la-rue-du-4-septembre\/\">La rue du 4-Septembre<\/a><time datetime=\"2024-01-11T14:47:39+01:00\" class=\"wp-block-latest-posts__post-date\">11 janvier 2024<\/time><div class=\"wp-block-latest-posts__post-excerpt\">La rue du 4-Septembre est rest\u00e9e depuis la nuit des temps la rue principale d&rsquo;Aubi\u00e8re. Sous plusieurs appellations, elle \u00e9tait aussi la rue la plus commer\u00e7ante jusque dans les ann\u00e9es 1970&#8230;<\/div><\/li>\n<li><a class=\"wp-block-latest-posts__post-title\" href=\"https:\/\/www.chroniquesaubieroises.fr\/index.php\/2024\/01\/02\/la-place-des-ramacles\/\">La place des Ramacles<\/a><time datetime=\"2024-01-02T14:45:03+01:00\" class=\"wp-block-latest-posts__post-date\">2 janvier 2024<\/time><div class=\"wp-block-latest-posts__post-excerpt\">Aujourd\u2019hui, c\u2019est la place principale d\u2019Aubi\u00e8re. La Poste et les principaux commerces de \u00ab centre-bourg \u00bb sont autour de cet espace. Embellie, au d\u00e9but de ce si\u00e8cle, avec l\u2019am\u00e9nagement des berges de l\u2019Arti\u00e8re et de la rive sud de notre imp\u00e9tueux ruisseau, la place des Ramacles est devenue un centre de vie et d\u2019animations incontournable.<\/div><\/li>\n<\/ul>","protected":false},"excerpt":{"rendered":"","protected":false},"author":1,"featured_media":0,"parent":0,"menu_order":0,"comment_status":"closed","ping_status":"closed","template":"","meta":{"_monsterinsights_skip_tracking":false,"_monsterinsights_sitenote_active":false,"_monsterinsights_sitenote_note":"","_monsterinsights_sitenote_category":0,"jetpack_post_was_ever_published":false,"footnotes":""},"class_list":["post-135","page","type-page","status-publish","hentry"],"jetpack_sharing_enabled":true,"_links":{"self":[{"href":"https:\/\/www.chroniquesaubieroises.fr\/index.php\/wp-json\/wp\/v2\/pages\/135","targetHints":{"allow":["GET"]}}],"collection":[{"href":"https:\/\/www.chroniquesaubieroises.fr\/index.php\/wp-json\/wp\/v2\/pages"}],"about":[{"href":"https:\/\/www.chroniquesaubieroises.fr\/index.php\/wp-json\/wp\/v2\/types\/page"}],"author":[{"embeddable":true,"href":"https:\/\/www.chroniquesaubieroises.fr\/index.php\/wp-json\/wp\/v2\/users\/1"}],"replies":[{"embeddable":true,"href":"https:\/\/www.chroniquesaubieroises.fr\/index.php\/wp-json\/wp\/v2\/comments?post=135"}],"version-history":[{"count":2,"href":"https:\/\/www.chroniquesaubieroises.fr\/index.php\/wp-json\/wp\/v2\/pages\/135\/revisions"}],"predecessor-version":[{"id":521,"href":"https:\/\/www.chroniquesaubieroises.fr\/index.php\/wp-json\/wp\/v2\/pages\/135\/revisions\/521"}],"wp:attachment":[{"href":"https:\/\/www.chroniquesaubieroises.fr\/index.php\/wp-json\/wp\/v2\/media?parent=135"}],"curies":[{"name":"wp","href":"https:\/\/api.w.org\/{rel}","templated":true}]}}