{"id":124,"date":"2023-12-27T15:42:00","date_gmt":"2023-12-27T14:42:00","guid":{"rendered":"http:\/\/www.chroniquesaubieroises.fr\/?page_id=124"},"modified":"2024-01-21T14:40:26","modified_gmt":"2024-01-21T13:40:26","slug":"chroniques-judiciaires","status":"publish","type":"page","link":"https:\/\/www.chroniquesaubieroises.fr\/index.php\/chroniques-judiciaires\/","title":{"rendered":"Chroniques Judiciaires"},"content":{"rendered":"<ul class=\"wp-block-latest-posts__list has-dates wp-block-latest-posts\"><li><a class=\"wp-block-latest-posts__post-title\" href=\"https:\/\/www.chroniquesaubieroises.fr\/index.php\/2026\/02\/28\/le-feu-aux-poutres\/\">Le feu aux&#8230; poutres<\/a><time datetime=\"2026-02-28T11:35:11+01:00\" class=\"wp-block-latest-posts__post-date\">28 f\u00e9vrier 2026<\/time><div class=\"wp-block-latest-posts__post-excerpt\">Un feu au-dessus d&rsquo;une forge. On s&rsquo;inqui\u00e8te et on porte plainte aupr\u00e8s du bailly d&rsquo;Aubi\u00e8re&#8230;<\/div><\/li>\n<li><a class=\"wp-block-latest-posts__post-title\" href=\"https:\/\/www.chroniquesaubieroises.fr\/index.php\/2025\/12\/26\/conte-aubierois-au-voleur\/\">Conte aubi\u00e9rois : Au voleur !<\/a><time datetime=\"2025-12-26T14:10:23+01:00\" class=\"wp-block-latest-posts__post-date\">26 d\u00e9cembre 2025<\/time><div class=\"wp-block-latest-posts__post-excerpt\">Quand un Aubi\u00e9rois r\u00e9sout son cambriolage gr\u00e2ce \u00e0 un sorcier&#8230;<\/div><\/li>\n<li><a class=\"wp-block-latest-posts__post-title\" href=\"https:\/\/www.chroniquesaubieroises.fr\/index.php\/2025\/11\/28\/faits-divers-mortels-a-aubiere-en-1814\/\">Faits divers mortels \u00e0 Aubi\u00e8re en 1814<\/a><time datetime=\"2025-11-28T10:58:53+01:00\" class=\"wp-block-latest-posts__post-date\">28 novembre 2025<\/time><div class=\"wp-block-latest-posts__post-excerpt\">Quand la mort survient dans des conditions inhabituelles&#8230;<\/div><\/li>\n<li><a class=\"wp-block-latest-posts__post-title\" href=\"https:\/\/www.chroniquesaubieroises.fr\/index.php\/2025\/08\/22\/des-fiances-respectueux\/\">Des fianc\u00e9s respectueux<\/a><time datetime=\"2025-08-22T10:26:59+02:00\" class=\"wp-block-latest-posts__post-date\">22 ao\u00fbt 2025<\/time><div class=\"wp-block-latest-posts__post-excerpt\">Des fianc\u00e9s de Montferrand et Aubi\u00e8re doivent obtenir l&rsquo;autorisation parentale pour se marier, illustr\u00e9 par l&rsquo;acte respectueux de Jean Rochon.<\/div><\/li>\n<li><a class=\"wp-block-latest-posts__post-title\" href=\"https:\/\/www.chroniquesaubieroises.fr\/index.php\/2025\/07\/15\/des-fiances-en-manque-de-notoriete\/\">Des fianc\u00e9s en manque de&#8230; notori\u00e9t\u00e9<\/a><time datetime=\"2025-07-15T10:07:21+02:00\" class=\"wp-block-latest-posts__post-date\">15 juillet 2025<\/time><div class=\"wp-block-latest-posts__post-excerpt\">Nos anc\u00eatres ont eu parfois bien des difficult\u00e9s juridiques lorsqu\u2019ils voulaient convoler en mariage. Ce fut notamment le cas pour nombre d\u2019entre eux dans la premi\u00e8re moiti\u00e9 du XIX\u00e8me si\u00e8cle. Ils sont alors contraints de passer un \u00ab\u00a0acte de notori\u00e9t\u00e9\u00a0\u00bb devant notaire&#8230;<\/div><\/li>\n<li><a class=\"wp-block-latest-posts__post-title\" href=\"https:\/\/www.chroniquesaubieroises.fr\/index.php\/2025\/05\/31\/le-pilier-dinfamie\/\">Le Pilier d&rsquo;Infamie<\/a><time datetime=\"2025-05-31T09:55:03+02:00\" class=\"wp-block-latest-posts__post-date\">31 mai 2025<\/time><div class=\"wp-block-latest-posts__post-excerpt\">Le document raconte une affaire judiciaire survenue en 1628 \u00e0 Aubi\u00e8re, autour d\u2019un pilier d\u2019infamie install\u00e9 sur la place publique pour punir les malfaiteurs.  Ce pilier a \u00e9t\u00e9 abattu le 18 septembre 1628, et Fran\u00e7ois Ribeyre, habitant proche, est convoqu\u00e9 pour t\u00e9moigner&#8230;<\/div><\/li>\n<li><a class=\"wp-block-latest-posts__post-title\" href=\"https:\/\/www.chroniquesaubieroises.fr\/index.php\/2025\/04\/15\/soirees-a-risques-en-1816\/\">Soir\u00e9es \u00e0 risques en 1816<\/a><time datetime=\"2025-04-15T10:41:20+02:00\" class=\"wp-block-latest-posts__post-date\">15 avril 2025<\/time><div class=\"wp-block-latest-posts__post-excerpt\">Apr\u00e8s la Restauration, le retour \u00e0 la Royaut\u00e9 suscita quelques bouleversements dans la vie des jeunes soldats des troupes napol\u00e9oniennes. Avec les d\u00e9serteurs, ils animaient les rues aubi\u00e9roises la nuit tomb\u00e9e. Nos \u00e9diles, malgr\u00e9 maints et maints arr\u00eat\u00e9s municipaux, avaient beaucoup de mal \u00e0 circonvenir \u00e0 ces d\u00e9bordements&#8230;<\/div><\/li>\n<li><a class=\"wp-block-latest-posts__post-title\" href=\"https:\/\/www.chroniquesaubieroises.fr\/index.php\/2025\/03\/14\/levasion-du-deserteur-en-1820\/\">L&rsquo;\u00e9vasion du d\u00e9serteur en 1820<\/a><time datetime=\"2025-03-14T09:21:16+01:00\" class=\"wp-block-latest-posts__post-date\">14 mars 2025<\/time><div class=\"wp-block-latest-posts__post-excerpt\">Ce ne fut probablement qu\u2019un fait divers, car les rares journaux locaux de l\u2019\u00e9poque ne le relat\u00e8rent pas. Ni \u201cL\u2019Ami de la Charte\u201d ni \u201cLe Journal du Puy-de-D\u00f4me\u201c n\u2019en firent \u00e9tat dans leurs \u00e9ditions des jours suivants.\nEn tout cas, la r\u00e9action des Aubi\u00e9rois face aux gendarmes fut assez violente.\n<\/div><\/li>\n<li><a class=\"wp-block-latest-posts__post-title\" href=\"https:\/\/www.chroniquesaubieroises.fr\/index.php\/2025\/02\/28\/1800-1819_troubles-de-lordre-public\/\">1800-1819_Troubles de l&rsquo;ordre public<\/a><time datetime=\"2025-02-28T10:46:51+01:00\" class=\"wp-block-latest-posts__post-date\">28 f\u00e9vrier 2025<\/time><div class=\"wp-block-latest-posts__post-excerpt\">Dans cette p\u00e9riode mouvement\u00e9e, d\u2019autres d\u00e9lits importants furent commis. Quels en \u00e9taient les motifs ? Vol, Violation de propri\u00e9t\u00e9, vigne vandalis\u00e9e&#8230; Par qui ? Pourquoi ?<\/div><\/li>\n<li><a class=\"wp-block-latest-posts__post-title\" href=\"https:\/\/www.chroniquesaubieroises.fr\/index.php\/2025\/01\/31\/lassassinat-de-jean-foulhouze\/\">L&rsquo;assassinat de Jean Foulhouze<\/a><time datetime=\"2025-01-31T11:03:49+01:00\" class=\"wp-block-latest-posts__post-date\">31 janvier 2025<\/time><div class=\"wp-block-latest-posts__post-excerpt\">Le 12 juillet 1846, ma\u00eetre Jean Foulhouze, notaire et maire d\u2019Aubi\u00e8re, est retrouv\u00e9 mort \u00e0 Romagnat, sur le chemin venant d\u2019Aubi\u00e8re. Il a \u00e9t\u00e9 tu\u00e9 de deux balles dans le dos, sans t\u00e9moin&#8230;<\/div><\/li>\n<li><a class=\"wp-block-latest-posts__post-title\" href=\"https:\/\/www.chroniquesaubieroises.fr\/index.php\/2025\/01\/31\/qui-a-bu-paiera\/\">Qui a bu, paiera<\/a><time datetime=\"2025-01-31T10:58:27+01:00\" class=\"wp-block-latest-posts__post-date\">31 janvier 2025<\/time><div class=\"wp-block-latest-posts__post-excerpt\">Nous l\u2019apprenons par une affiche du 22 mars 1781 : il est interdit de servir \u00e0 boire et, en cons\u00e9quence, de boire pendant les offices religieux dominicaux !\nUn cabaretier qui sert \u00e0 boire \u00e0 un \u00ab \u00e9colier \u00bb pendant la messe, \u00e7a fait t\u00e2che. C\u2019est bien l\u2019avis du procureur d\u2019office et du bailli.\n<\/div><\/li>\n<li><a class=\"wp-block-latest-posts__post-title\" href=\"https:\/\/www.chroniquesaubieroises.fr\/index.php\/2024\/11\/29\/chirol-un-percepteur-indelicat\/\">Chirol, un percepteur ind\u00e9licat<\/a><time datetime=\"2024-11-29T14:50:23+01:00\" class=\"wp-block-latest-posts__post-date\">29 novembre 2024<\/time><div class=\"wp-block-latest-posts__post-excerpt\">Au d\u00e9but de la derni\u00e8re d\u00e9cennie du XVIII\u00e8me si\u00e8cle, les consuls disparaissent au profit de ces nouveaux fonctionnaires, issus de la R\u00e9volution, les percepteurs des Contributions, nomm\u00e9s \u00e0 vie ! Un certain Chirol exerce cette fonction \u00e0 Aubi\u00e8re en 1806.<\/div><\/li>\n<li><a class=\"wp-block-latest-posts__post-title\" href=\"https:\/\/www.chroniquesaubieroises.fr\/index.php\/2024\/11\/29\/le-meunier-verbalise\/\">Le meunier verbalis\u00e9<\/a><time datetime=\"2024-11-29T14:46:26+01:00\" class=\"wp-block-latest-posts__post-date\">29 novembre 2024<\/time><div class=\"wp-block-latest-posts__post-excerpt\">Recevoir un P.V. de 25 francs quelques jours avant No\u00ebl, cela ne fait jamais plaisir. Mais en 1839, pour un d\u00e9faut de plaque sur sa voiture \u00e0 un seul cheval, \u00e7a, c\u2019est r\u00e9voltant ! Le meunier d\u2019Aubi\u00e8re n\u2019en dort plus et la roue de son moulin grince.\nLa gendarmerie en veut \u00e0 son bl\u00e9\u2026\n<\/div><\/li>\n<li><a class=\"wp-block-latest-posts__post-title\" href=\"https:\/\/www.chroniquesaubieroises.fr\/index.php\/2024\/05\/24\/1799_le-deserteur-et-le-pretre-refractaire\/\">1799_Le d\u00e9serteur et le pr\u00eatre r\u00e9fractaire<\/a><time datetime=\"2024-05-24T13:50:48+02:00\" class=\"wp-block-latest-posts__post-date\">24 mai 2024<\/time><div class=\"wp-block-latest-posts__post-excerpt\">Une ronde habituelle et nocturne des municipaux dans les rues d\u2019Aubi\u00e8re va d\u00e9clencher une s\u00e9rie d\u2019exactions suivies d\u2019autant de r\u00e9pressions plus ou moins efficaces. La tension monte&#8230;<\/div><\/li>\n<li><a class=\"wp-block-latest-posts__post-title\" href=\"https:\/\/www.chroniquesaubieroises.fr\/index.php\/2024\/05\/07\/un-acte-de-notoriete\/\">Un acte de notori\u00e9t\u00e9<\/a><time datetime=\"2024-05-07T10:03:12+02:00\" class=\"wp-block-latest-posts__post-date\">7 mai 2024<\/time><div class=\"wp-block-latest-posts__post-excerpt\">On rencontre dans certains actes la r\u00e9f\u00e9rence \u00e0 un acte de notori\u00e9t\u00e9 qui vient suppl\u00e9er \u00e0 un acte ant\u00e9rieur (par exemple, naissance) d\u00e9truit, absent ou introuvable pour diverses raisons : p\u00e9riode troubl\u00e9e de guerre, r\u00e9volution, \u00e9v\u00e8nements comme incendie des archives, etc&#8230;<\/div><\/li>\n<li><a class=\"wp-block-latest-posts__post-title\" href=\"https:\/\/www.chroniquesaubieroises.fr\/index.php\/2024\/04\/26\/le-coffre-des-consuls-fracture\/\">Le coffre des consuls fractur\u00e9<\/a><time datetime=\"2024-04-26T18:08:32+02:00\" class=\"wp-block-latest-posts__post-date\">26 avril 2024<\/time><div class=\"wp-block-latest-posts__post-excerpt\">En 1783, plusieurs personnes, de passage dans l\u2019\u00e9glise d\u2019Aubi\u00e8re, constatent la pr\u00e9sence inhabituelle et suspecte de plusieurs hauts personnages de la paroisse autour du banc-coffre des consuls renfermant les archives rassembl\u00e9es par les paroissiens et leurs \u00e9diles depuis des temps imm\u00e9moriaux.\n\nCe fait troublant alimente aussit\u00f4t les conversations, mais aucun \u00e9v\u00e8nement officiel ne vient mentionner et mettre sur la place publique ce scandale. Bient\u00f4t, on finit par oublier l\u2019incident.<\/div><\/li>\n<li><a class=\"wp-block-latest-posts__post-title\" href=\"https:\/\/www.chroniquesaubieroises.fr\/index.php\/2024\/03\/22\/saisie-sur-recolte-en-1616\/\">Saisie sur r\u00e9colte en 1616<\/a><time datetime=\"2024-03-22T11:27:52+01:00\" class=\"wp-block-latest-posts__post-date\">22 mars 2024<\/time><div class=\"wp-block-latest-posts__post-excerpt\">En 1616, la seigneurie d\u2019Aubi\u00e8re est afferm\u00e9e \u00e0 trois \u00ab fermiers g\u00e9n\u00e9raulz \u00bb, et ce depuis plusieurs ann\u00e9es. Or, ces fermiers n\u2019ont pas pay\u00e9 leur ferme au baron Gilbert de Jarrie d\u2019Aubi\u00e8re, depuis 1613&#8230;<\/div><\/li>\n<li><a class=\"wp-block-latest-posts__post-title\" href=\"https:\/\/www.chroniquesaubieroises.fr\/index.php\/2024\/03\/08\/troubles-a-aubiere-1815\/\">Troubles \u00e0 Aubi\u00e8re (1815)<\/a><time datetime=\"2024-03-08T14:24:39+01:00\" class=\"wp-block-latest-posts__post-date\">8 mars 2024<\/time><div class=\"wp-block-latest-posts__post-excerpt\">Les soldats de la Grande Arm\u00e9e en revenant des guerres napol\u00e9oniennes ont engendr\u00e9 un peu partout des troubles.\nIls se multiplient, et les gendarmes de Clermont interviennent trop souvent \u00e0 Aubi\u00e8re, au grand dam de son maire et de la plupart de ses habitants&#8230;<\/div><\/li>\n<li><a class=\"wp-block-latest-posts__post-title\" href=\"https:\/\/www.chroniquesaubieroises.fr\/index.php\/2024\/01\/30\/aubiere-en-nuits-troubles-1811\/\">Aubi\u00e8re en nuits troubles (1811)<\/a><time datetime=\"2024-01-30T13:58:28+01:00\" class=\"wp-block-latest-posts__post-date\">30 janvier 2024<\/time><div class=\"wp-block-latest-posts__post-excerpt\">1811. On a oubli\u00e9 les agitations politiques d\u2019il y a vingt ans. Le soufflet est retomb\u00e9. Les nouveaux agitateurs aubi\u00e9rois sont des soldats rendus \u00e0 leurs familles ou plus surement des d\u00e9serteurs en mal d\u2019adr\u00e9naline, mais pas que\u2026\nLes uns ont repris le travail en famille dans les vignes et les champs ; les autres se terrent par peur des gendarmes qui rodent en journ\u00e9e. Mais la nuit, quand la ville est assoupie de fatigue, certains s\u2019agitent. Les victimes : les bourgeois nantis, les autorit\u00e9s ou ceux qui affichent innocemment leur joie de vivre.\n<\/div><\/li>\n<li><a class=\"wp-block-latest-posts__post-title\" href=\"https:\/\/www.chroniquesaubieroises.fr\/index.php\/2024\/01\/19\/un-fut-meurtrier\/\">Un f\u00fbt meurtrier&#8230;<\/a><time datetime=\"2024-01-19T16:33:40+01:00\" class=\"wp-block-latest-posts__post-date\">19 janvier 2024<\/time><div class=\"wp-block-latest-posts__post-excerpt\">C\u2019est l\u2019automne mais les journ\u00e9es sont encore chaudes, les femmes \u00e9talent leurs linges sur le dessus des caves ; les enfants, trop jeunes pour aider leurs parents, courent dans tous les sens en criant. Soudain, un cri que personne n\u2019entend, un tonneau roule et c\u2019est le drame\u2026\n<\/div><\/li>\n<li><a class=\"wp-block-latest-posts__post-title\" href=\"https:\/\/www.chroniquesaubieroises.fr\/index.php\/2024\/01\/16\/le-rampeau-a-aubiere\/\">Le rampeau \u00e0 Aubi\u00e8re<\/a><time datetime=\"2024-01-16T10:56:07+01:00\" class=\"wp-block-latest-posts__post-date\">16 janvier 2024<\/time><div class=\"wp-block-latest-posts__post-excerpt\">Peut-on imaginer Gilberte de La Rochebriant de Chovance, cette Dame d\u2019Aubi\u00e8re si appr\u00e9ci\u00e9e de ses sujets aubi\u00e9rois, qu\u2019elle puisse tirer profit d\u2019une de leurs rares distractions ?\nC\u2019est pourtant ce que nous apprend un acte notari\u00e9 de 1677, intitul\u00e9 : \u00ab D\u00e9partement du jeu de quilles de Blaize et Jacques Recollene, p\u00e8re et fils, au proffict de Madame d\u2019Aubi\u00e8re \u00bb\u2026\n<\/div><\/li>\n<li><a class=\"wp-block-latest-posts__post-title\" href=\"https:\/\/www.chroniquesaubieroises.fr\/index.php\/2024\/01\/01\/le-garde-champetre-a-aubiere\/\">Le garde-champ\u00eatre \u00e0 Aubi\u00e8re<\/a><time datetime=\"2024-01-01T18:03:12+01:00\" class=\"wp-block-latest-posts__post-date\">1 janvier 2024<\/time><div class=\"wp-block-latest-posts__post-excerpt\">Le garde-champ\u00eatre est un personnage qui a marqu\u00e9 jusqu\u2019\u00e0 peu la vie des communes rurales. Dans le bourg, il officiait aux carrefours et sur les places : un roulement de tambour et son \u00ab Avis \u00e0 la population \u00bb faisaient sortir les m\u00e9nag\u00e8res aux fen\u00eatres et accourir les enfants. Dans la campagne, sa silhouette faisait fuir les braconniers, les grappilleurs de r\u00e9coltes et autres contrevenants aux r\u00e8glements de police rurale. On le craint ou on en rit. Il ne laisse personne indiff\u00e9rent. Une revue des gardes-champ\u00eatres aubi\u00e9rois.<\/div><\/li>\n<li><a class=\"wp-block-latest-posts__post-title\" href=\"https:\/\/www.chroniquesaubieroises.fr\/index.php\/2023\/12\/27\/sentence-du-baillage-de-montferrand-1509\/\">Sentence du baillage de Montferrand (1509)<\/a><time datetime=\"2023-12-27T18:34:22+01:00\" class=\"wp-block-latest-posts__post-date\">27 d\u00e9cembre 2023<\/time><div class=\"wp-block-latest-posts__post-excerpt\">18-02-1509 Sentence du baillage de Montferrand (1509) (Archives communales d&rsquo;Aubi\u00e8re) Transcription du document du 18\u00e8me si\u00e8cle qui r\u00e9sume la sentence repr\u00e9sent\u00e9e ci-dessus&nbsp;: \u00ab&nbsp;Sentence du baillage de Montferrand rendue par Jehan Pradal licenci\u00e9 en chacun droit, conseiller et avocat du Roi aud. baillage, en l\u2019absence du lieutenant g\u00e9n\u00e9ral et particulier dud. si\u00e8ge en datte du 18\u2026 <a class=\"wp-block-latest-posts__read-more\" href=\"https:\/\/www.chroniquesaubieroises.fr\/index.php\/2023\/12\/27\/sentence-du-baillage-de-montferrand-1509\/\" rel=\"noopener noreferrer\">Lire la suite<span class=\"screen-reader-text\">\u00a0: Sentence du baillage de Montferrand (1509)<\/span><\/a><\/div><\/li>\n<\/ul>","protected":false},"excerpt":{"rendered":"","protected":false},"author":1,"featured_media":0,"parent":0,"menu_order":0,"comment_status":"closed","ping_status":"closed","template":"","meta":{"_monsterinsights_skip_tracking":false,"_monsterinsights_sitenote_active":false,"_monsterinsights_sitenote_note":"","_monsterinsights_sitenote_category":0,"jetpack_post_was_ever_published":false,"footnotes":""},"class_list":["post-124","page","type-page","status-publish","hentry"],"jetpack_sharing_enabled":true,"_links":{"self":[{"href":"https:\/\/www.chroniquesaubieroises.fr\/index.php\/wp-json\/wp\/v2\/pages\/124","targetHints":{"allow":["GET"]}}],"collection":[{"href":"https:\/\/www.chroniquesaubieroises.fr\/index.php\/wp-json\/wp\/v2\/pages"}],"about":[{"href":"https:\/\/www.chroniquesaubieroises.fr\/index.php\/wp-json\/wp\/v2\/types\/page"}],"author":[{"embeddable":true,"href":"https:\/\/www.chroniquesaubieroises.fr\/index.php\/wp-json\/wp\/v2\/users\/1"}],"replies":[{"embeddable":true,"href":"https:\/\/www.chroniquesaubieroises.fr\/index.php\/wp-json\/wp\/v2\/comments?post=124"}],"version-history":[{"count":3,"href":"https:\/\/www.chroniquesaubieroises.fr\/index.php\/wp-json\/wp\/v2\/pages\/124\/revisions"}],"predecessor-version":[{"id":526,"href":"https:\/\/www.chroniquesaubieroises.fr\/index.php\/wp-json\/wp\/v2\/pages\/124\/revisions\/526"}],"wp:attachment":[{"href":"https:\/\/www.chroniquesaubieroises.fr\/index.php\/wp-json\/wp\/v2\/media?parent=124"}],"curies":[{"name":"wp","href":"https:\/\/api.w.org\/{rel}","templated":true}]}}